{"id":915,"date":"2017-07-18T16:24:37","date_gmt":"2017-07-18T16:24:37","guid":{"rendered":"https:\/\/www.drbanda.com\/?page_id=915"},"modified":"2022-03-29T19:37:16","modified_gmt":"2022-03-29T19:37:16","slug":"contact","status":"publish","type":"page","link":"https:\/\/www.drbanda.com\/es\/contact\/","title":{"rendered":"Contacto"},"content":{"rendered":"<div id=\"fws_69eb915675a84\"  data-column-margin=\"default\" data-midnight=\"dark\" data-top-percent=\"3%\"  class=\"wpb_row vc_row-fluid vc_row full-width-section  zindex-set\"  style=\"padding-top: calc(100vw * 0.03); padding-bottom: 0px;  z-index: 100;\"><div class=\"row-bg-wrap\" data-bg-animation=\"none\" data-bg-animation-delay=\"\" data-bg-overlay=\"false\"><div class=\"inner-wrap row-bg-layer\" ><div class=\"row-bg viewport-desktop using-bg-color\"  style=\"background-color: #ffffff; \"><\/div><\/div><\/div><div class=\"row_col_wrap_12 col span_12 dark left\">\n\t<div  class=\"vc_col-sm-12 wpb_column column_container vc_column_container col no-extra-padding inherit_tablet inherit_phone\"  data-padding-pos=\"all\" data-has-bg-color=\"false\" data-bg-color=\"\" data-bg-opacity=\"1\" data-animation=\"\" data-delay=\"0\" >\n\t\t<div class=\"vc_column-inner\" >\n\t\t\t<div class=\"wpb_wrapper\">\n\t\t\t\t<div id=\"fws_69eb915676ad7\" data-midnight=\"\" data-column-margin=\"default\" class=\"wpb_row vc_row-fluid vc_row inner_row\"  style=\"\"><div class=\"row-bg-wrap\"> <div class=\"row-bg\" ><\/div> <\/div><div class=\"row_col_wrap_12_inner col span_12  left\">\n\t<div style=\" color: #ffffff;\" class=\"vc_col-sm-12 wpb_column column_container vc_column_container col child_column centered-text no-extra-padding inherit_tablet inherit_phone\" data-cfc=\"true\"  data-padding-pos=\"all\" data-has-bg-color=\"false\" data-bg-color=\"\" data-bg-opacity=\"1\" data-animation=\"\" data-delay=\"0\" >\n\t\t<div class=\"vc_column-inner\" >\n\t\t<div class=\"wpb_wrapper\">\n\t\t\t<h5 style=\"color: #bfbfbf;text-align: center\" class=\"vc_custom_heading vc_custom_1648581754063\" >Bienestar y lesiones personales de Southbelt<\/h5><div class=\"nectar-split-heading  font_size_7vw\" data-align=\"default\" data-m-align=\"inherit\" data-text-effect=\"default\" data-animation-type=\"twist-in\" data-animation-delay=\"0\" data-animation-offset=\"\" data-m-rm-animation=\"\" data-stagger=\"\" data-custom-font-size=\"true\" style=\"font-size: 7vw; line-height: 7.7vw;\"><h1 style=\" color: #0629f3;\">Cont\u00e1ctenos<\/h1><\/div>\n<div class=\"wpb_text_column wpb_content_element  vc_custom_1648581818828\" >\n\t<div class=\"wpb_wrapper\">\n\t\t<h4 class=\"man\"><span style=\"color: #0629f3;\">Tel\u00e9fono <strong><span class=\"right\">281.484.5500<\/span><\/strong><\/span><br \/>\n<span style=\"color: #0629f3;\">Correo electr\u00f3nico <strong><span class=\"right\">drjohnbanda@gmail.com<\/span><\/strong><\/span><br \/>\n<span style=\"color: #0629f3;\">DIRECCI\u00d3N\u00a0<strong><span class=\"right\">12221 Fuqua Suite D, St. Houston, TX 77034<\/span><\/strong><\/span><\/h4>\n\t<\/div>\n<\/div>\n\n\n\n\n<div class=\"wpb_text_column wpb_content_element  vc_custom_1648581706178\" >\n\t<div class=\"wpb_wrapper\">\n\t\t<p class=\"man\"><span style=\"color: #000000;\">Lunes Viernes <span class=\"right\"><strong>9<\/strong><strong>am \u2013 6pm<\/strong><\/span><\/span><br \/>\n<span style=\"color: #000000;\">Almuerzo <span class=\"right\"><strong>12p<\/strong><strong>m \u2013 2pm<\/strong><\/span><\/span><br \/>\n<span style=\"color: #000000;\">S\u00e1bado\u00a0<span class=\"right\"><strong>CERRADO<\/strong><\/span><\/span><br \/>\n<span style=\"color: #000000;\">Domingo\u00a0<span class=\"right\"><strong>CERRADO<\/strong><\/span><\/span><\/p>\n\t<\/div>\n<\/div>\n\n\n\n\n\t\t<\/div> \n\t<\/div>\n\t<\/div> \n<\/div><\/div><div id=\"fws_69eb9156785e7\" data-midnight=\"\" data-column-margin=\"default\" class=\"wpb_row vc_row-fluid vc_row inner_row\"  style=\"\"><div class=\"row-bg-wrap\"> <div class=\"row-bg\" ><\/div> <\/div><div class=\"row_col_wrap_12_inner col span_12  left\">\n\t<div style=\"margin-bottom: -10%; \" class=\"vc_col-sm-12 wpb_column column_container vc_column_container col child_column has-animation padding-6-percent inherit_tablet inherit_phone border_left_desktop_3px border_top_desktop_3px border_right_desktop_3px border_color_0629f3 border_style_solid\"  data-using-bg=\"true\" data-padding-pos=\"all\" data-has-bg-color=\"true\" data-bg-color=\"#ffffff\" data-bg-opacity=\"1\" data-animation=\"fade-in-from-bottom\" data-delay=\"0\" >\n\t\t<div class=\"vc_column-inner\" ><div class=\"column-bg-overlay-wrap column-bg-layer\" data-bg-animation=\"none\"><div class=\"column-bg-overlay\" style=\"opacity: 1; background-color: #ffffff;\"><\/div><\/div>\n\t\t<div class=\"wpb_wrapper\">\n\t\t\t\n<div class=\"wpb_text_column wpb_content_element\" >\n\t<div class=\"wpb_wrapper\">\n\t\t<h5 style=\"text-align: center;\">\n<div class=\"wpcf7 no-js\" id=\"wpcf7-f5-o1\" lang=\"en\" dir=\"ltr\">\n<div class=\"screen-reader-response\"><p role=\"status\" aria-live=\"polite\" aria-atomic=\"true\"><\/p> <ul><\/ul><\/div>\n<form action=\"\/es\/wp-json\/wp\/v2\/pages\/915#wpcf7-f5-o1\" method=\"post\" class=\"wpcf7-form init\" aria-label=\"Formulario de contacto\" novalidate=\"novalidate\" data-status=\"init\" data-trp-original-action=\"\/es\/wp-json\/wp\/v2\/pages\/915#wpcf7-f5-o1\">\n<div style=\"display: none;\">\n<input type=\"hidden\" name=\"_wpcf7\" value=\"5\" \/>\n<input type=\"hidden\" name=\"_wpcf7_version\" value=\"5.8.6\" \/>\n<input type=\"hidden\" name=\"_wpcf7_locale\" value=\"en\" \/>\n<input type=\"hidden\" name=\"_wpcf7_unit_tag\" value=\"wpcf7-f5-o1\" \/>\n<input type=\"hidden\" name=\"_wpcf7_container_post\" value=\"0\" \/>\n<input type=\"hidden\" name=\"_wpcf7_posted_data_hash\" value=\"\" \/>\n<input type=\"hidden\" name=\"_wpcf7_recaptcha_response\" value=\"\" \/>\n<\/div>\n<div class=\"nectar-wpcf7-inline-form\">\n\t<div class=\"nectar-wpcf7-inline-field\">\n\t\t<p><span class=\"wpcf7-form-control-wrap\" data-name=\"your-name\"><input size=\"40\" class=\"wpcf7-form-control wpcf7-text wpcf7-validates-as-required\" aria-required=\"true\" aria-invalid=\"false\" placeholder=\"Nombre\" value=\"\" type=\"text\" name=\"your-name\" \/><\/span>\n\t\t<\/p>\n\t<\/div>\n\t<div class=\"nectar-wpcf7-inline-field\">\n\t\t<p><span class=\"wpcf7-form-control-wrap\" data-name=\"tel-214\"><input size=\"40\" class=\"wpcf7-form-control wpcf7-tel wpcf7-validates-as-required wpcf7-text wpcf7-validates-as-tel\" aria-required=\"true\" aria-invalid=\"false\" placeholder=\"N\u00famero de tel\u00e9fono\" value=\"\" type=\"tel\" name=\"tel-214\" \/><\/span>\n\t\t<\/p>\n\t<\/div>\n<\/div>\n<p><span class=\"wpcf7-form-control-wrap\" data-name=\"your-email\"><input size=\"40\" class=\"wpcf7-form-control wpcf7-email wpcf7-validates-as-required wpcf7-text wpcf7-validates-as-email\" aria-required=\"true\" aria-invalid=\"false\" placeholder=\"Direcci\u00f3n de correo electr\u00f3nico\" value=\"\" type=\"email\" name=\"your-email\" \/><\/span>\n<\/p>\n<p><input class=\"wpcf7-form-control wpcf7-submit has-spinner\" type=\"submit\" value=\"Cont\u00e1ctenos\" \/>\n<\/p><p style=\"display: none !important;\"><label>&#916;<textarea name=\"_wpcf7_ak_hp_textarea\" cols=\"45\" rows=\"8\" maxlength=\"100\"><\/textarea><\/label><input type=\"hidden\" id=\"ak_js_1\" name=\"_wpcf7_ak_js\" value=\"220\"\/><script>document.getElementById( \"ak_js_1\" ).setAttribute( \"value\", ( new Date() ).getTime() );<\/script><\/p><div class=\"wpcf7-response-output\" aria-hidden=\"true\"><\/div>\n<input type=\"hidden\" name=\"trp-form-language\" value=\"es\"\/><\/form>\n<\/div>\n<\/h5>\n\t<\/div>\n<\/div>\n\n\n\n\n\t\t<\/div> \n\t<\/div>\n\t<\/div> \n<\/div><\/div>\n\t\t\t<\/div> \n\t\t<\/div>\n\t<\/div> \n<\/div><\/div>\n\t\t<div id=\"fws_69eb91567a585\"  data-column-margin=\"default\" data-midnight=\"light\" data-top-percent=\"20%\" data-bottom-percent=\"10%\"  class=\"wpb_row vc_row-fluid vc_row full-width-section\"  style=\"padding-top: calc(100vw * 0.20); padding-bottom: calc(100vw * 0.10); \"><div class=\"row-bg-wrap\" data-bg-animation=\"zoom-out-slow\" data-bg-animation-delay=\"\" data-bg-overlay=\"true\"><div class=\"inner-wrap row-bg-layer using-image\" ><div class=\"row-bg viewport-desktop using-image\"  style=\"background-image: url(https:\/\/www.drbanda.com\/wp-content\/uploads\/2019\/01\/pain-banda-1.jpg); background-position: center center; background-repeat: no-repeat; \"><\/div><\/div><div class=\"row-bg-overlay row-bg-layer\" style=\"background-color:#0a0a0a;  opacity: 0.8; \"><\/div><\/div><div class=\"row_col_wrap_12 col span_12 light left\">\n\t<div  class=\"vc_col-sm-12 wpb_column column_container vc_column_container col has-animation no-extra-padding inherit_tablet inherit_phone\"  data-padding-pos=\"all\" data-has-bg-color=\"false\" data-bg-color=\"\" data-bg-opacity=\"1\" data-animation=\"fade-in-from-bottom\" data-delay=\"0\" >\n\t\t<div class=\"vc_column-inner\" >\n\t\t\t<div class=\"wpb_wrapper\">\n\t\t\t\t<div class=\"testimonial_slider span_12 col disable-height-animation\" data-color=\"\" data-rating-color=\"accent-color\" data-controls=\"default\" data-add-border=\"\" data-autorotate=\"9000\" data-style=\"minimal\" ><div class=\"slides\"><blockquote>  <p><span class=\"open-quote\">&#8220;<\/span>Excelente personal y excelente atenci\u00f3n! Este equipo definitivamente sabe c\u00f3mo cuidar a sus pacientes. te lo recomiendo mucho<span class=\"close-quote\">&#8221;<\/span><span class=\"star-rating-wrap\"> <span class=\"star-rating\"><span style=\"width: 100%;\" class=\"filled\"><\/span><\/span><\/span> <span role=\"none\" class=\"bottom-arrow\"><\/span><\/p><span class=\"testimonial-name\">Dylan sabio<\/span><span class=\"title\">Revisi\u00f3n de Google de cinco estrellas<\/span><\/blockquote><\/div><\/div>\n\t\t\t<\/div> \n\t\t<\/div>\n\t<\/div> \n<\/div><\/div>","protected":false},"excerpt":{"rendered":"Southbelt Wellness &amp; Personal InjuryCont\u00e1ctenos Tel\u00e9fono 281.484.5500 Correo electr\u00f3nico drjohnbanda@gmail.com Direcci\u00f3n 12221 Fuqua Suite D, St....","protected":false},"author":1,"featured_media":0,"parent":0,"menu_order":0,"comment_status":"closed","ping_status":"closed","template":"","meta":{"footnotes":""},"yoast_head":"<!-- This site is optimized with the Yoast SEO plugin v21.8 - https:\/\/yoast.com\/wordpress\/plugins\/seo\/ -->\n<title>South Belt Wellness | Dr. Banda | Contact Information | Hours and Number<\/title>\n<meta name=\"description\" content=\"Our Contact Information: Phone: (281)484-5500. Email: drjohnbanda@gmail.com. Address:\u00a012221 Fuqua Suite D, St. Houston, TX 77034\" \/>\n<meta name=\"robots\" content=\"index, follow, max-snippet:-1, max-image-preview:large, max-video-preview:-1\" \/>\n<link rel=\"canonical\" href=\"https:\/\/www.drbanda.com\/es\/contact\/\" \/>\n<meta property=\"og:locale\" content=\"es_MX\" \/>\n<meta property=\"og:type\" content=\"article\" \/>\n<meta property=\"og:title\" content=\"South Belt Wellness | Dr. Banda | Contact Information | Hours and Number\" \/>\n<meta property=\"og:description\" content=\"Our Contact Information: Phone: (281)484-5500. Email: drjohnbanda@gmail.com. Address:\u00a012221 Fuqua Suite D, St. Houston, TX 77034\" \/>\n<meta property=\"og:url\" content=\"https:\/\/www.drbanda.com\/es\/contact\/\" \/>\n<meta property=\"og:site_name\" content=\"Dr Banda\" \/>\n<meta property=\"article:modified_time\" content=\"2022-03-29T19:37:16+00:00\" \/>\n<meta name=\"twitter:card\" content=\"summary_large_image\" \/>\n<meta name=\"twitter:label1\" content=\"Tiempo de lectura\" \/>\n\t<meta name=\"twitter:data1\" content=\"4 minutos\" \/>\n<script type=\"application\/ld+json\" class=\"yoast-schema-graph\">{\"@context\":\"https:\/\/schema.org\",\"@graph\":[{\"@type\":\"WebPage\",\"@id\":\"https:\/\/www.drbanda.com\/contact\/\",\"url\":\"https:\/\/www.drbanda.com\/contact\/\",\"name\":\"South Belt Wellness | Dr. Banda | Contact Information | Hours and Number\",\"isPartOf\":{\"@id\":\"https:\/\/www.drbanda.com\/#website\"},\"datePublished\":\"2017-07-18T16:24:37+00:00\",\"dateModified\":\"2022-03-29T19:37:16+00:00\",\"description\":\"Our Contact Information: Phone: (281)484-5500. Email: drjohnbanda@gmail.com. Address:\u00a012221 Fuqua Suite D, St. Houston, TX 77034\",\"breadcrumb\":{\"@id\":\"https:\/\/www.drbanda.com\/contact\/#breadcrumb\"},\"inLanguage\":\"es-MX\",\"potentialAction\":[{\"@type\":\"ReadAction\",\"target\":[\"https:\/\/www.drbanda.com\/contact\/\"]}]},{\"@type\":\"BreadcrumbList\",\"@id\":\"https:\/\/www.drbanda.com\/contact\/#breadcrumb\",\"itemListElement\":[{\"@type\":\"ListItem\",\"position\":1,\"name\":\"Home\",\"item\":\"https:\/\/www.drbanda.com\/\"},{\"@type\":\"ListItem\",\"position\":2,\"name\":\"Contact\"}]},{\"@type\":\"WebSite\",\"@id\":\"https:\/\/www.drbanda.com\/#website\",\"url\":\"https:\/\/www.drbanda.com\/\",\"name\":\"Dr Banda\",\"description\":\"Dr John Banda\",\"potentialAction\":[{\"@type\":\"SearchAction\",\"target\":{\"@type\":\"EntryPoint\",\"urlTemplate\":\"https:\/\/www.drbanda.com\/?s={search_term_string}\"},\"query-input\":\"required name=search_term_string\"}],\"inLanguage\":\"es-MX\"}]}<\/script>\n<!-- \/ Yoast SEO plugin. -->","yoast_head_json":{"title":"South Belt Wellness | Dr. Banda | Contact Information | Hours and Number","description":"Our Contact Information: Phone: (281)484-5500. Email: drjohnbanda@gmail.com. Address:\u00a012221 Fuqua Suite D, St. Houston, TX 77034","robots":{"index":"index","follow":"follow","max-snippet":"max-snippet:-1","max-image-preview":"max-image-preview:large","max-video-preview":"max-video-preview:-1"},"canonical":"https:\/\/www.drbanda.com\/es\/contact\/","og_locale":"es_MX","og_type":"article","og_title":"South Belt Wellness | Dr. Banda | Contact Information | Hours and Number","og_description":"Our Contact Information: Phone: (281)484-5500. Email: drjohnbanda@gmail.com. Address:\u00a012221 Fuqua Suite D, St. Houston, TX 77034","og_url":"https:\/\/www.drbanda.com\/es\/contact\/","og_site_name":"Dr Banda","article_modified_time":"2022-03-29T19:37:16+00:00","twitter_card":"summary_large_image","twitter_misc":{"Tiempo de lectura":"4 minutos"},"schema":{"@context":"https:\/\/schema.org","@graph":[{"@type":"WebPage","@id":"https:\/\/www.drbanda.com\/contact\/","url":"https:\/\/www.drbanda.com\/contact\/","name":"South Belt Wellness | Dr. Banda | Contact Information | Hours and Number","isPartOf":{"@id":"https:\/\/www.drbanda.com\/#website"},"datePublished":"2017-07-18T16:24:37+00:00","dateModified":"2022-03-29T19:37:16+00:00","description":"Our Contact Information: Phone: (281)484-5500. Email: drjohnbanda@gmail.com. Address:\u00a012221 Fuqua Suite D, St. Houston, TX 77034","breadcrumb":{"@id":"https:\/\/www.drbanda.com\/contact\/#breadcrumb"},"inLanguage":"es-MX","potentialAction":[{"@type":"ReadAction","target":["https:\/\/www.drbanda.com\/contact\/"]}]},{"@type":"BreadcrumbList","@id":"https:\/\/www.drbanda.com\/contact\/#breadcrumb","itemListElement":[{"@type":"ListItem","position":1,"name":"Home","item":"https:\/\/www.drbanda.com\/"},{"@type":"ListItem","position":2,"name":"Contact"}]},{"@type":"WebSite","@id":"https:\/\/www.drbanda.com\/#website","url":"https:\/\/www.drbanda.com\/","name":"Dr Banda","description":"Dr John Banda","potentialAction":[{"@type":"SearchAction","target":{"@type":"EntryPoint","urlTemplate":"https:\/\/www.drbanda.com\/?s={search_term_string}"},"query-input":"required name=search_term_string"}],"inLanguage":"es-MX"}]}},"_links":{"self":[{"href":"https:\/\/www.drbanda.com\/es\/wp-json\/wp\/v2\/pages\/915"}],"collection":[{"href":"https:\/\/www.drbanda.com\/es\/wp-json\/wp\/v2\/pages"}],"about":[{"href":"https:\/\/www.drbanda.com\/es\/wp-json\/wp\/v2\/types\/page"}],"author":[{"embeddable":true,"href":"https:\/\/www.drbanda.com\/es\/wp-json\/wp\/v2\/users\/1"}],"replies":[{"embeddable":true,"href":"https:\/\/www.drbanda.com\/es\/wp-json\/wp\/v2\/comments?post=915"}],"version-history":[{"count":22,"href":"https:\/\/www.drbanda.com\/es\/wp-json\/wp\/v2\/pages\/915\/revisions"}],"predecessor-version":[{"id":1318,"href":"https:\/\/www.drbanda.com\/es\/wp-json\/wp\/v2\/pages\/915\/revisions\/1318"}],"wp:attachment":[{"href":"https:\/\/www.drbanda.com\/es\/wp-json\/wp\/v2\/media?parent=915"}],"curies":[{"name":"wp","href":"https:\/\/api.w.org\/{rel}","templated":true}]}}